{"id":8,"date":"2016-01-18T19:00:07","date_gmt":"2016-01-18T18:00:07","guid":{"rendered":"http:\/\/cat-int.net\/?page_id=8"},"modified":"2022-02-03T17:14:26","modified_gmt":"2022-02-03T16:14:26","slug":"accueil","status":"publish","type":"page","link":"https:\/\/staging.cat-int.org\/","title":{"rendered":"Accueil"},"content":{"rendered":"<p>[vc_row bgtype=&nbsp;&raquo;grey&nbsp;&raquo; parallax=&nbsp;&raquo;true&nbsp;&raquo; css=&nbsp;&raquo;.vc_custom_1456157123602{margin-top: -30px !important;margin-bottom: 0px !important;padding-top: 15px !important;padding-right: 0px !important;padding-bottom: 15px !important;padding-left: 40px !important;background-color: #ffffff !important;background-position: center;background-repeat: no-repeat;background-size: cover !important;}&nbsp;&raquo; el_class=&nbsp;&raquo;Home_contenu&nbsp;&raquo;][vc_column el_class=&nbsp;&raquo;Home_1er_bloc&nbsp;&raquo;][vc_row_inner el_class=&nbsp;&raquo;Home_1ere_rangee&nbsp;&raquo;][vc_column_inner el_class=&nbsp;&raquo;Home_articles_recents&nbsp;&raquo; width=&nbsp;&raquo;1\/2&Prime; css=&nbsp;&raquo;.vc_custom_1455450837531{margin-top: -25px !important;margin-left: -22px !important;background-color: #ffffff !important;border-radius: 5px !important;}&nbsp;&raquo;][vc_wp_posts number=&nbsp;&raquo;10&Prime; show_date=&nbsp;&raquo;1&Prime;][\/vc_column_inner][vc_column_inner el_class=&nbsp;&raquo;Home_widget_twitter&nbsp;&raquo; width=&nbsp;&raquo;1\/2&Prime;][vc_raw_html]JTNDYSUyMGNsYXNzJTNEJTIydHdpdHRlci10aW1lbGluZSUyMiUyMGhyZWYlM0QlMjJodHRwcyUzQSUyRiUyRnR3aXR0ZXIuY29tJTJGQ0FUX0NlbnRyZSUyMiUyMGRhdGEtd2lkZ2V0LWlkJTNEJTIyNjg4Mzc0NTQ0NDk5ODcxNzQ2JTIyJTNFVHdlZXRzJTIwYnklMjAlNDBDQVRfQ2VudHJlJTNDJTJGYSUzRSUwQSUzQ3NjcmlwdCUzRSUyMWZ1bmN0aW9uJTI4ZCUyQ3MlMkNpZCUyOSU3QnZhciUyMGpzJTJDZmpzJTNEZC5nZXRFbGVtZW50c0J5VGFnTmFtZSUyOHMlMjklNUIwJTVEJTJDcCUzRCUyRiU1RWh0dHAlM0ElMkYudGVzdCUyOGQubG9jYXRpb24lMjklM0YlMjdodHRwJTI3JTNBJTI3aHR0cHMlMjclM0JpZiUyOCUyMWQuZ2V0RWxlbWVudEJ5SWQlMjhpZCUyOSUyOSU3QmpzJTNEZC5jcmVhdGVFbGVtZW50JTI4cyUyOSUzQmpzLmlkJTNEaWQlM0Jqcy5zcmMlM0RwJTJCJTIyJTNBJTJGJTJGcGxhdGZvcm0udHdpdHRlci5jb20lMkZ3aWRnZXRzLmpzJTIyJTNCZmpzLnBhcmVudE5vZGUuaW5zZXJ0QmVmb3JlJTI4anMlMkNmanMlMjklM0IlN0QlN0QlMjhkb2N1bWVudCUyQyUyMnNjcmlwdCUyMiUyQyUyMnR3aXR0ZXItd2pzJTIyJTI5JTNCJTNDJTJGc2NyaXB0JTNF[\/vc_raw_html][\/vc_column_inner][\/vc_row_inner][\/vc_column][\/vc_row][vc_row css=&nbsp;&raquo;.vc_custom_1456915610909{background-image: url(http:\/\/staging.cat-int.org\/wp-content\/uploads\/2016\/01\/eiffel_bg.png?id=2699) !important;}&nbsp;&raquo;][vc_column][vc_row_inner][vc_column_inner]<header class=\"thememount-heading-wrapper thememount-heading-wrapper-align-center\"><div class=\"thememount-heading-wrapper-inner\"><h3 class=\"thememount-heading-align-center\"><span>Centre d'Analyse du Terrorisme<\/span><\/h3><\/div><p class=\"thememount-subheading\">Le Centre d'Analyse du Terrorisme (CAT) est un centre de recherche dont l'objectif est de devenir le think tank europ\u00e9en de r\u00e9f\u00e9rence dans le domaine de l'analyse du terrorisme<\/p><\/header>[\/vc_column_inner][\/vc_row_inner][\/vc_column][\/vc_row]<\/p>\n","protected":false},"excerpt":{"rendered":"<p>[vc_row bgtype=&nbsp;&raquo;grey&nbsp;&raquo; parallax=&nbsp;&raquo;true&nbsp;&raquo; css=&nbsp;&raquo;.vc_custom_1456157123602{margin-top: -30px !important;margin-bottom: 0px !important;padding-top: 15px !important;padding-right: 0px !important;padding-bottom: 15px !important;padding-left: 40px !important;background-color: #ffffff !important;background-position: center;background-repeat: no-repeat;background-size: cover !important;}&nbsp;&raquo; el_class=&nbsp;&raquo;Home_contenu&nbsp;&raquo;][vc_column el_class=&nbsp;&raquo;Home_1er_bloc&nbsp;&raquo;][vc_row_inner el_class=&nbsp;&raquo;Home_1ere_rangee&nbsp;&raquo;][vc_column_inner el_class=&nbsp;&raquo;Home_articles_recents&nbsp;&raquo; width=&nbsp;&raquo;1\/2&Prime; css=&nbsp;&raquo;.vc_custom_1455450837531{margin-top: -25px !important;margin-left: -22px !important;background-color: #ffffff !important;border-radius: 5px !important;}&nbsp;&raquo;][vc_wp_posts number=&nbsp;&raquo;10&Prime; show_date=&nbsp;&raquo;1&Prime;][\/vc_column_inner][vc_column_inner el_class=&nbsp;&raquo;Home_widget_twitter&nbsp;&raquo; width=&nbsp;&raquo;1\/2&Prime;][vc_raw_html]JTNDYSUyMGNsYXNzJTNEJTIydHdpdHRlci10aW1lbGluZSUyMiUyMGhyZWYlM0QlMjJodHRwcyUzQSUyRiUyRnR3aXR0ZXIuY29tJTJGQ0FUX0NlbnRyZSUyMiUyMGRhdGEtd2lkZ2V0LWlkJTNEJTIyNjg4Mzc0NTQ0NDk5ODcxNzQ2JTIyJTNFVHdlZXRzJTIwYnklMjAlNDBDQVRfQ2VudHJlJTNDJTJGYSUzRSUwQSUzQ3NjcmlwdCUzRSUyMWZ1bmN0aW9uJTI4ZCUyQ3MlMkNpZCUyOSU3QnZhciUyMGpzJTJDZmpzJTNEZC5nZXRFbGVtZW50c0J5VGFnTmFtZSUyOHMlMjklNUIwJTVEJTJDcCUzRCUyRiU1RWh0dHAlM0ElMkYudGVzdCUyOGQubG9jYXRpb24lMjklM0YlMjdodHRwJTI3JTNBJTI3aHR0cHMlMjclM0JpZiUyOCUyMWQuZ2V0RWxlbWVudEJ5SWQlMjhpZCUyOSUyOSU3QmpzJTNEZC5jcmVhdGVFbGVtZW50JTI4cyUyOSUzQmpzLmlkJTNEaWQlM0Jqcy5zcmMlM0RwJTJCJTIyJTNBJTJGJTJGcGxhdGZvcm0udHdpdHRlci5jb20lMkZ3aWRnZXRzLmpzJTIyJTNCZmpzLnBhcmVudE5vZGUuaW5zZXJ0QmVmb3JlJTI4anMlMkNmanMlMjklM0IlN0QlN0QlMjhkb2N1bWVudCUyQyUyMnNjcmlwdCUyMiUyQyUyMnR3aXR0ZXItd2pzJTIyJTI5JTNCJTNDJTJGc2NyaXB0JTNF[\/vc_raw_html][\/vc_column_inner][\/vc_row_inner][\/vc_column][\/vc_row][vc_row css=&nbsp;&raquo;.vc_custom_1456915610909{background-image: url(http:\/\/staging.cat-int.org\/wp-content\/uploads\/2016\/01\/eiffel_bg.png?id=2699) !important;}&nbsp;&raquo;][vc_column][vc_row_inner][vc_column_inner][\/vc_column_inner][\/vc_row_inner][\/vc_column][\/vc_row]<\/p>\n","protected":false},"author":1,"featured_media":0,"parent":0,"menu_order":0,"comment_status":"closed","ping_status":"closed","template":"","meta":[],"_links":{"self":[{"href":"https:\/\/staging.cat-int.org\/index.php\/wp-json\/wp\/v2\/pages\/8"}],"collection":[{"href":"https:\/\/staging.cat-int.org\/index.php\/wp-json\/wp\/v2\/pages"}],"about":[{"href":"https:\/\/staging.cat-int.org\/index.php\/wp-json\/wp\/v2\/types\/page"}],"author":[{"embeddable":true,"href":"https:\/\/staging.cat-int.org\/index.php\/wp-json\/wp\/v2\/users\/1"}],"replies":[{"embeddable":true,"href":"https:\/\/staging.cat-int.org\/index.php\/wp-json\/wp\/v2\/comments?post=8"}],"version-history":[{"count":63,"href":"https:\/\/staging.cat-int.org\/index.php\/wp-json\/wp\/v2\/pages\/8\/revisions"}],"predecessor-version":[{"id":5732,"href":"https:\/\/staging.cat-int.org\/index.php\/wp-json\/wp\/v2\/pages\/8\/revisions\/5732"}],"wp:attachment":[{"href":"https:\/\/staging.cat-int.org\/index.php\/wp-json\/wp\/v2\/media?parent=8"}],"curies":[{"name":"wp","href":"https:\/\/api.w.org\/{rel}","templated":true}]}}