{"id":5559,"date":"2021-10-27T10:10:50","date_gmt":"2021-10-27T09:10:50","guid":{"rendered":"https:\/\/staging.cat-int.org\/?page_id=5559"},"modified":"2021-10-27T10:10:50","modified_gmt":"2021-10-27T09:10:50","slug":"fichier-protege","status":"publish","type":"page","link":"https:\/\/staging.cat-int.org\/index.php\/fichier-protege\/","title":{"rendered":"Fichier prot\u00e9g\u00e9"},"content":{"rendered":"<p>Ce fichier est prot\u00e9g\u00e9.<br \/>\nSi vous acc\u00e8s a la biblioth\u00e8que num\u00e9rique, merci de vous connecter.<\/p>\n","protected":false},"excerpt":{"rendered":"<p>Ce fichier est prot\u00e9g\u00e9. Si vous acc\u00e8s a la biblioth\u00e8que num\u00e9rique, merci de vous connecter.<\/p>\n","protected":false},"author":1,"featured_media":0,"parent":0,"menu_order":0,"comment_status":"closed","ping_status":"closed","template":"","meta":[],"_links":{"self":[{"href":"https:\/\/staging.cat-int.org\/index.php\/wp-json\/wp\/v2\/pages\/5559"}],"collection":[{"href":"https:\/\/staging.cat-int.org\/index.php\/wp-json\/wp\/v2\/pages"}],"about":[{"href":"https:\/\/staging.cat-int.org\/index.php\/wp-json\/wp\/v2\/types\/page"}],"author":[{"embeddable":true,"href":"https:\/\/staging.cat-int.org\/index.php\/wp-json\/wp\/v2\/users\/1"}],"replies":[{"embeddable":true,"href":"https:\/\/staging.cat-int.org\/index.php\/wp-json\/wp\/v2\/comments?post=5559"}],"version-history":[{"count":1,"href":"https:\/\/staging.cat-int.org\/index.php\/wp-json\/wp\/v2\/pages\/5559\/revisions"}],"predecessor-version":[{"id":5560,"href":"https:\/\/staging.cat-int.org\/index.php\/wp-json\/wp\/v2\/pages\/5559\/revisions\/5560"}],"wp:attachment":[{"href":"https:\/\/staging.cat-int.org\/index.php\/wp-json\/wp\/v2\/media?parent=5559"}],"curies":[{"name":"wp","href":"https:\/\/api.w.org\/{rel}","templated":true}]}}