{"id":4802,"date":"2021-08-01T10:48:43","date_gmt":"2021-08-01T09:48:43","guid":{"rendered":"https:\/\/staging.cat-int.org\/index.php\/membership-join\/membership-registration\/"},"modified":"2021-10-20T13:35:02","modified_gmt":"2021-10-20T12:35:02","slug":"membership-registration","status":"publish","type":"page","link":"https:\/\/staging.cat-int.org\/index.php\/membership-join\/membership-registration\/","title":{"rendered":"Formulaire d&rsquo;adh\u00e9sion"},"content":{"rendered":"<p>[vc_row][vc_column css=&nbsp;&raquo;.vc_custom_1632130061921{padding-top: 5px !important;}&nbsp;&raquo;][vc_column_text]<\/p>\n<h4 style=\"text-align: center;\"><strong><span style=\"vertical-align: inherit;\"><span style=\"vertical-align: inherit;\"><span style=\"vertical-align: inherit;\"><span style=\"vertical-align: inherit;\"><span style=\"vertical-align: inherit;\"><span style=\"vertical-align: inherit;\"><span style=\"vertical-align: inherit;\"><span style=\"vertical-align: inherit;\"><span style=\"vertical-align: inherit;\"><span style=\"vertical-align: inherit;\"><span style=\"vertical-align: inherit;\"><span style=\"vertical-align: inherit;\"><span style=\"vertical-align: inherit;\"><span style=\"vertical-align: inherit;\">La proc\u00e9dure d&rsquo;adh\u00e9sion au CAT\u00a0<\/span><\/span><\/span><\/span><\/span><\/span><\/span><\/span><\/span><\/span><\/span><\/span><\/span><\/span><\/strong><\/h4>\n<p>&nbsp;<\/p>\n<p style=\"text-align: left;\"><span style=\"font-weight: 400;\"><span style=\"vertical-align: inherit;\"><span style=\"vertical-align: inherit;\"><span style=\"vertical-align: inherit;\"><span style=\"vertical-align: inherit;\"><span style=\"vertical-align: inherit;\"><span style=\"vertical-align: inherit;\"><span style=\"vertical-align: inherit;\"><span style=\"vertical-align: inherit;\"><span style=\"vertical-align: inherit;\"><span style=\"vertical-align: inherit;\"><span style=\"vertical-align: inherit;\"><span style=\"vertical-align: inherit;\"><span style=\"vertical-align: inherit;\"><span style=\"vertical-align: inherit;\">Pour devenir membre du Centre d&rsquo;Analyse du Terrorisme et pouvoir acc\u00e9der \u00e0 nos ressources, merci de remplir le formulaire ci-dessous. <\/span><\/span><\/span><\/span><\/span><\/span><\/span><\/span><\/span><\/span><\/span><\/span><\/span><\/span><\/span><span style=\"font-weight: 400;\"><span style=\"vertical-align: inherit;\"><span style=\"vertical-align: inherit;\"><span style=\"vertical-align: inherit;\"><span style=\"vertical-align: inherit;\"><span style=\"vertical-align: inherit;\"><span style=\"vertical-align: inherit;\"><span style=\"vertical-align: inherit;\"><span style=\"vertical-align: inherit;\"><span style=\"vertical-align: inherit;\"><span style=\"vertical-align: inherit;\"><span style=\"vertical-align: inherit;\"><span style=\"vertical-align: inherit;\"><span style=\"vertical-align: inherit;\"><span style=\"vertical-align: inherit;\">Le paiement des frais d&rsquo;adh\u00e9sion s&rsquo;effectue sur Hello Asso une fois le formulaire compl\u00e9t\u00e9.<\/span><\/span><\/span><\/span><\/span><\/span><\/span><\/span><\/span><\/span><\/span><\/span><\/span><\/span><\/span><\/p>\n<p style=\"text-align: left;\"><span style=\"font-weight: 400;\"><span style=\"vertical-align: inherit;\"><span style=\"vertical-align: inherit;\"><span style=\"vertical-align: inherit;\"><span style=\"vertical-align: inherit;\"><span style=\"vertical-align: inherit;\"><span style=\"vertical-align: inherit;\"><span style=\"vertical-align: inherit;\"><span style=\"vertical-align: inherit;\"><span style=\"vertical-align: inherit;\"><span style=\"vertical-align: inherit;\"><span style=\"vertical-align: inherit;\"><span style=\"vertical-align: inherit;\"><span style=\"vertical-align: inherit;\"><span style=\"vertical-align: inherit;\">Nous vous rappelons que pour adh\u00e9rer \u00e0 l&rsquo;association il faut, outre le r\u00e8glement d&rsquo;une cotisation, \u00eatre agr\u00e9e par le bureau du Centre d&rsquo;Analyse du Terrorisme qui, apr\u00e8s l&rsquo;examen complet du formulaire d&rsquo;adh\u00e9sion, se positionne positivement ou n\u00e9gativement.\u00a0\u00a0<\/span><\/span><\/span><\/span><\/span><\/span><\/span><\/span><\/span><\/span><\/span><\/span><\/span><\/span><\/span><\/p>\n<p style=\"text-align: left;\"><span style=\"font-weight: 400;\"><span style=\"vertical-align: inherit;\"><span style=\"vertical-align: inherit;\"><span style=\"vertical-align: inherit;\"><span style=\"vertical-align: inherit;\"><span style=\"vertical-align: inherit;\"><span style=\"vertical-align: inherit;\"><span style=\"vertical-align: inherit;\"><span style=\"vertical-align: inherit;\"><span style=\"vertical-align: inherit;\"><span style=\"vertical-align: inherit;\"><span style=\"vertical-align: inherit;\"><span style=\"vertical-align: inherit;\"><span style=\"vertical-align: inherit;\"><span style=\"vertical-align: inherit;\">La d\u00e9cision du bureau \u00e9tant discr\u00e9tionnaire, le bureau n&rsquo;a pas \u00e0 faire conna\u00eetre les raisons \u00e0 l&rsquo;int\u00e9ress\u00e9. <\/span><\/span><\/span><\/span><\/span><\/span><\/span><\/span><\/span><\/span><\/span><\/span><\/span><\/span><\/span><span style=\"font-weight: 400;\"><span style=\"vertical-align: inherit;\"><span style=\"vertical-align: inherit;\"><span style=\"vertical-align: inherit;\"><span style=\"vertical-align: inherit;\"><span style=\"vertical-align: inherit;\"><span style=\"vertical-align: inherit;\"><span style=\"vertical-align: inherit;\"><span style=\"vertical-align: inherit;\"><span style=\"vertical-align: inherit;\"><span style=\"vertical-align: inherit;\"><span style=\"vertical-align: inherit;\"><span style=\"vertical-align: inherit;\"><span style=\"vertical-align: inherit;\"><span style=\"vertical-align: inherit;\">En cas de refus, la cotisation est imm\u00e9diatement rendue.\u00a0 <\/span><\/span><\/span><\/span><\/span><\/span><\/span><\/span><\/span><\/span><\/span><\/span><\/span><\/span><\/span><span style=\"font-weight: 400;\"><span style=\"vertical-align: inherit;\"><span style=\"vertical-align: inherit;\"><span style=\"vertical-align: inherit;\"><span style=\"vertical-align: inherit;\"><span style=\"vertical-align: inherit;\"><span style=\"vertical-align: inherit;\"><span style=\"vertical-align: inherit;\"><span style=\"vertical-align: inherit;\"><span style=\"vertical-align: inherit;\"><span style=\"vertical-align: inherit;\"><span style=\"vertical-align: inherit;\"><span style=\"vertical-align: inherit;\"><span style=\"vertical-align: inherit;\"><span style=\"vertical-align: inherit;\">L&rsquo;adh\u00e9sion est valable pour une ann\u00e9e \u00e0 compter du jour d&rsquo;inscription.<\/span><\/span><\/span><\/span><\/span><\/span><\/span><\/span><\/span><\/span><\/span><\/span><\/span><\/span><\/span><\/p>\n<p style=\"text-align: left;\"><span style=\"font-weight: 400;\"><span style=\"vertical-align: inherit;\"><span style=\"vertical-align: inherit;\"><span style=\"vertical-align: inherit;\"><span style=\"vertical-align: inherit;\"><span style=\"vertical-align: inherit;\"><span style=\"vertical-align: inherit;\"><span style=\"vertical-align: inherit;\"><span style=\"vertical-align: inherit;\"><span style=\"vertical-align: inherit;\"><span style=\"vertical-align: inherit;\"><span style=\"vertical-align: inherit;\"><span style=\"vertical-align: inherit;\"><span style=\"vertical-align: inherit;\"><span style=\"vertical-align: inherit;\">Pour toute question, vous pouvez nous contacter par mail <a href=\"mailto:contact@cat-int.org\">contact@cat-int.org<\/a>.<\/span><\/span><\/span><\/span><\/span><\/span><\/span><\/span><\/span><\/span><\/span><\/span><\/span><\/span><\/span><\/p>\n<p>\u00a0[\/vc_column_text][vc_column_text]<div class=\"swpm-registration-widget-form\">\n    <form id=\"swpm-registration-form\" class=\"swpm-validate-form\" name=\"swpm-registration-form\" method=\"post\" action=\"\">\n        <input type =\"hidden\" name=\"level_identifier\" value=\"e4da3b7fbbce2345d7772b0674a318d5\" \/>\n        <table>\n            <tr class=\"swpm-registration-username-row\" >\n                <td><label for=\"user_name\">Nom d\u2019utilisateur<\/label><\/td>\n                <td><input type=\"text\" id=\"user_name\" class=\"validate[required,custom[noapostrophe],custom[SWPMUserName],minSize[4],ajax[ajaxUserCall]]\" value=\"\" size=\"50\" name=\"user_name\" \/><\/td>\n            <\/tr>\n            <tr class=\"swpm-registration-email-row\">\n                <td><label for=\"email\">E-mail<\/label><\/td>\n                <td><input type=\"text\" autocomplete=\"off\" id=\"email\" class=\"validate[required,custom[email],ajax[ajaxEmailCall]]\" value=\"\" size=\"50\" name=\"email\" \/><\/td>\n            <\/tr>\n            <tr class=\"swpm-registration-password-row\">\n                <td><label for=\"password\">Mot de passe<\/label><\/td>\n                <td><input type=\"password\" autocomplete=\"off\" id=\"password\" class=\"\" value=\"\" size=\"50\" name=\"password\" \/><\/td>\n            <\/tr>\n            <tr class=\"swpm-registration-password-retype-row\">\n                <td><label for=\"password_re\">R\u00e9p\u00e9ter le mot de passe<\/label><\/td>\n                <td><input type=\"password\" autocomplete=\"off\" id=\"password_re\" value=\"\" size=\"50\" name=\"password_re\" \/><\/td>\n            <\/tr>\n            <tr class=\"swpm-registration-firstname-row\" >\n                <td><label for=\"first_name\">Pr\u00e9nom<\/label><\/td>\n                <td><input type=\"text\" id=\"first_name\" value=\"\" size=\"50\" name=\"first_name\" \/><\/td>\n            <\/tr>\n            <tr class=\"swpm-registration-lastname-row\" >\n                <td><label for=\"last_name\">Nom<\/label><\/td>\n                <td><input type=\"text\" id=\"last_name\" value=\"\" size=\"50\" name=\"last_name\" \/><\/td>\n            <\/tr>\n            <tr class=\"swpm-registration-membership-level-row\" >\n                <td><label for=\"membership_level\">Niveau d'abonnement<\/label><\/td>\n                <td>\n                    Corporate<input type=\"hidden\" value=\"5\" size=\"50\" name=\"membership_level\" id=\"membership_level\" \/><input type=\"hidden\" name=\"swpm_level_hash\" value=\"ea2c1bd9aa96c5258f786af9f2445f95\" \/>                <\/td>\n            <\/tr>\n                            <tr>\n                    <td colspan=\"2\" style=\"text-align: center;\">\n                        <label><input type=\"checkbox\" id=\"accept_terms\" name=\"accept_terms\" class=\"validate[required]\" value=\"1\"> J'accepte les  <a href=\"https:\/\/staging.cat-int.org\/index.php\/terms\/\" target=\"_blank\">Termes et Conditions<\/a><\/label>\n                    <\/td>\n                <\/tr>\n                                <tr>\n                    <td colspan=\"2\" style=\"text-align: center;\">\n                        <label><input type=\"checkbox\" id=\"accept_pp\" name=\"accept_pp\" class=\"validate[required]\" value=\"1\"> Je suis d'accord avec la  <a href=\"https:\/\/staging.cat-int.org\/index.php\/privacy-policy\/\" target=\"_blank\">Politique de confidentialit\u00e9<\/a><\/label>\n                    <\/td>\n                <\/tr>\n                        <\/table>\n\n        <div class=\"swpm-before-registration-submit-section\" align=\"center\"><\/div>\n\n        <div class=\"swpm-registration-submit-section\" align=\"center\">\n            <input type=\"submit\" value=\"Inscription\" class=\"swpm-registration-submit\" name=\"swpm_registration_submit\" \/>\n        <\/div>\n\n        <input type=\"hidden\" name=\"action\" value=\"custom_posts\" \/>\n\n    <\/form>\n<\/div>\n[\/vc_column_text][\/vc_column][\/vc_row]<\/p>\n","protected":false},"excerpt":{"rendered":"<p>[vc_row][vc_column css=&nbsp;&raquo;.vc_custom_1632130061921{padding-top: 5px !important;}&nbsp;&raquo;][vc_column_text] La proc\u00e9dure d&rsquo;adh\u00e9sion au CAT\u00a0 &nbsp; Pour devenir membre du Centre d&rsquo;Analyse du Terrorisme et pouvoir acc\u00e9der \u00e0 nos ressources, merci de remplir le formulaire ci-dessous. Le paiement des frais d&rsquo;adh\u00e9sion s&rsquo;effectue sur Hello Asso une fois le formulaire compl\u00e9t\u00e9. Nous vous rappelons que pour adh\u00e9rer \u00e0 l&rsquo;association il faut, outre [&hellip;]<\/p>\n","protected":false},"author":1,"featured_media":0,"parent":4801,"menu_order":0,"comment_status":"closed","ping_status":"closed","template":"","meta":[],"_links":{"self":[{"href":"https:\/\/staging.cat-int.org\/index.php\/wp-json\/wp\/v2\/pages\/4802"}],"collection":[{"href":"https:\/\/staging.cat-int.org\/index.php\/wp-json\/wp\/v2\/pages"}],"about":[{"href":"https:\/\/staging.cat-int.org\/index.php\/wp-json\/wp\/v2\/types\/page"}],"author":[{"embeddable":true,"href":"https:\/\/staging.cat-int.org\/index.php\/wp-json\/wp\/v2\/users\/1"}],"replies":[{"embeddable":true,"href":"https:\/\/staging.cat-int.org\/index.php\/wp-json\/wp\/v2\/comments?post=4802"}],"version-history":[{"count":12,"href":"https:\/\/staging.cat-int.org\/index.php\/wp-json\/wp\/v2\/pages\/4802\/revisions"}],"predecessor-version":[{"id":5664,"href":"https:\/\/staging.cat-int.org\/index.php\/wp-json\/wp\/v2\/pages\/4802\/revisions\/5664"}],"up":[{"embeddable":true,"href":"https:\/\/staging.cat-int.org\/index.php\/wp-json\/wp\/v2\/pages\/4801"}],"wp:attachment":[{"href":"https:\/\/staging.cat-int.org\/index.php\/wp-json\/wp\/v2\/media?parent=4802"}],"curies":[{"name":"wp","href":"https:\/\/api.w.org\/{rel}","templated":true}]}}