{"id":4801,"date":"2021-08-01T10:48:43","date_gmt":"2021-08-01T09:48:43","guid":{"rendered":"https:\/\/staging.cat-int.org\/index.php\/membership-join\/"},"modified":"2021-10-27T12:38:52","modified_gmt":"2021-10-27T11:38:52","slug":"membership-join","status":"publish","type":"page","link":"https:\/\/staging.cat-int.org\/index.php\/membership-join\/","title":{"rendered":"Devenir Membre du CAT"},"content":{"rendered":"<p>[vc_row css=&nbsp;&raquo;.vc_custom_1631521223294{border-bottom-width: 0px !important;}&nbsp;&raquo;][vc_column]<header class=\"thememount-heading-wrapper thememount-heading-wrapper-align-center\"><div class=\"thememount-heading-wrapper-inner\"><h1 class=\"thememount-heading-align-center\"><span>Devenir membre du CAT<\/span><\/h1><\/div><p class=\"thememount-subheading\">Fond\u00e9 en 2014, le Centre d\u2019Analyse du Terrorisme (CAT) est un centre de recherche dont l\u2019objectif est de devenir le think tank europ\u00e9en de r\u00e9f\u00e9rence dans le domaine de l\u2019analyse du terrorisme. Le CAT est reconnu comme organisme d\u2019int\u00e9r\u00eat g\u00e9n\u00e9ral et s\u2019adresse aux pouvoirs publics et aux institutions europ\u00e9ennes ainsi qu\u2019\u00e0 tous ceux qui s\u2019int\u00e9ressent aux questions et enjeux relatifs au terrorisme.<\/p>\n<p>Les membre du CAT ont acc\u00e8s \u00e0 de nombreuses ressources exclusives, parmi lesquelles la biblioth\u00e8que num\u00e9rique, et soutiennent les travaux de recherche du centre.<\/p><\/header><header class=\"thememount-heading-wrapper thememount-heading-wrapper-align-center\"><div class=\"thememount-heading-wrapper-inner\"><h2 class=\"thememount-heading-align-center\"><span>Nos offres<\/span><\/h2><\/div><\/header>[vc_row_inner equal_height=&nbsp;&raquo;yes&nbsp;&raquo; content_placement=&nbsp;&raquo;top&nbsp;&raquo; gap=&nbsp;&raquo;25&Prime; css=&nbsp;&raquo;.vc_custom_1635334429231{margin-top: 0px !important;}&nbsp;&raquo;][vc_column_inner width=&nbsp;&raquo;1\/3&Prime; css=&nbsp;&raquo;.vc_custom_1635334443665{margin-top: 0px !important;margin-right: 15px !important;margin-bottom: 30px !important;margin-left: 15px !important;border-top-width: 1px !important;border-right-width: 1px !important;border-bottom-width: 1px !important;border-left-width: 1px !important;padding-top: 30px !important;padding-right: 25px !important;padding-bottom: 30px !important;padding-left: 25px !important;border-left-color: #21cdec !important;border-left-style: solid !important;border-right-color: #21cdec !important;border-right-style: solid !important;border-top-color: #21cdec !important;border-top-style: solid !important;border-bottom-color: #21cdec !important;border-bottom-style: solid !important;border-radius: 5px !important;}&nbsp;&raquo;][vc_column_text]<\/p>\n<h5 style=\"text-align: center;\">Etudiants &amp; demandeurs d&#8217;emploi*<\/h5>\n<p>[\/vc_column_text][vc_column_text]<\/p>\n<h1 style=\"text-align: center;\">50\u20ac\/an<\/h1>\n<p>[\/vc_column_text][vc_separator][vc_column_text]<\/p>\n<ul>\n<li>Acc\u00e8s aux d\u00e9bats et s\u00e9minaires priv\u00e9s<\/li>\n<li>Acc\u00e8s \u00e0 des contributions exclusives<\/li>\n<li>Acc\u00e8s \u00e0 des vid\u00e9os\/entretiens priv\u00e9s<\/li>\n<li>Acc\u00e8s gratuit aux formations propos\u00e9es par le CAT<\/li>\n<li>Acc\u00e8s \u00e0 la biblioth\u00e8que num\u00e9rique<\/li>\n<\/ul>\n<p>[\/vc_column_text][\/vc_column_inner][vc_column_inner width=&nbsp;&raquo;1\/3&Prime; css=&nbsp;&raquo;.vc_custom_1635334456129{margin-top: 0px !important;margin-right: 15px !important;margin-bottom: 30px !important;margin-left: 15px !important;border-top-width: 1px !important;border-right-width: 1px !important;border-bottom-width: 1px !important;border-left-width: 1px !important;padding-top: 30px !important;padding-right: 25px !important;padding-bottom: 30px !important;padding-left: 25px !important;border-left-color: #21cdec !important;border-left-style: solid !important;border-right-color: #21cdec !important;border-right-style: solid !important;border-top-color: #21cdec !important;border-top-style: solid !important;border-bottom-color: #21cdec !important;border-bottom-style: solid !important;border-radius: 5px !important;}&nbsp;&raquo;][vc_column_text]<\/p>\n<h5 style=\"text-align: center;\">Professionnels<\/h5>\n<p>[\/vc_column_text][vc_column_text]<\/p>\n<h1 style=\"text-align: center;\">120\u20ac\/an<\/h1>\n<p>[\/vc_column_text][vc_separator][vc_column_text]<\/p>\n<ul>\n<li>Acc\u00e8s aux d\u00e9bats et s\u00e9minaires priv\u00e9s<\/li>\n<li>Acc\u00e8s \u00e0 des contributions exclusives<\/li>\n<li>Acc\u00e8s \u00e0 des vid\u00e9os\/entretiens priv\u00e9s<\/li>\n<li>Acc\u00e8s gratuit aux formations propos\u00e9es par le CAT<\/li>\n<li>Acc\u00e8s \u00e0 la biblioth\u00e8que num\u00e9rique<\/li>\n<li>Possibilit\u00e9 de solliciter le CAT pour r\u00e9aliser des conf\u00e9rences, formations, rapports sur des sujets en lien avec l&rsquo;objet social de l&rsquo;association<\/li>\n<\/ul>\n<p>[\/vc_column_text][\/vc_column_inner][vc_column_inner width=&nbsp;&raquo;1\/3&Prime; css=&nbsp;&raquo;.vc_custom_1635334464814{margin-top: 0px !important;margin-right: 15px !important;margin-bottom: 30px !important;margin-left: 15px !important;border-top-width: 1px !important;border-right-width: 1px !important;border-bottom-width: 1px !important;border-left-width: 1px !important;padding-top: 30px !important;padding-right: 25px !important;padding-bottom: 30px !important;padding-left: 25px !important;border-left-color: #21cdec !important;border-left-style: solid !important;border-right-color: #21cdec !important;border-right-style: solid !important;border-top-color: #21cdec !important;border-top-style: solid !important;border-bottom-color: #21cdec !important;border-bottom-style: solid !important;border-radius: 5px !important;}&nbsp;&raquo;][vc_column_text]<\/p>\n<h5 style=\"text-align: center;\">Personnes morales<\/h5>\n<p>[\/vc_column_text][vc_column_text]<\/p>\n<h1 style=\"text-align: center;\">1 000\u20ac\/an<\/h1>\n<p>[\/vc_column_text][vc_separator][vc_column_text]<\/p>\n<ul>\n<li>Acc\u00e8s aux d\u00e9bats et s\u00e9minaires priv\u00e9s<\/li>\n<li>Acc\u00e8s \u00e0 des contributions exclusives<\/li>\n<li>Acc\u00e8s \u00e0 des vid\u00e9os\/entretiens priv\u00e9s<\/li>\n<li>Acc\u00e8s gratuit aux formations propos\u00e9es par le CAT<\/li>\n<li>Acc\u00e8s \u00e0 la biblioth\u00e8que num\u00e9rique<\/li>\n<li>Possibilit\u00e9 de solliciter le CAT pour r\u00e9aliser des conf\u00e9rences, formations, rapports sur des sujets en lien avec l&rsquo;objet social de l&rsquo;association<\/li>\n<\/ul>\n<p>[\/vc_column_text][\/vc_column_inner][\/vc_row_inner]<header class=\"thememount-heading-wrapper thememount-heading-wrapper-align-center\"><div class=\"thememount-heading-wrapper-inner\"><h2 class=\"thememount-heading-align-center\"><span>Processus d'adh\u00e9sion<\/span><\/h2><\/div><\/header>[vc_row_inner][vc_column_inner][vc_cta h2=&nbsp;&raquo;&nbsp;&raquo; txt_align=&nbsp;&raquo;center&nbsp;&raquo; add_button=&nbsp;&raquo;bottom&nbsp;&raquo; btn_title=&nbsp;&raquo;Formulaire d&rsquo;inscription&nbsp;&raquo; btn_style=&nbsp;&raquo;flat&nbsp;&raquo; btn_color=&nbsp;&raquo;skincolor&nbsp;&raquo; btn_size=&nbsp;&raquo;lg&nbsp;&raquo; btn_align=&nbsp;&raquo;center&nbsp;&raquo; btn_link=&nbsp;&raquo;url:https%3A%2F%2Fstaging.cat-int.org%2Findex.php%2Fmembership-join%2Fmembership-registration%2F|||&nbsp;&raquo;]<\/p>\n<h6><strong>Inscription <\/strong>&gt; Paiement &gt; Validation par le Bureau du CAT &gt; Acc\u00e8s au statut de membre<\/h6>\n<p>[\/vc_cta][\/vc_column_inner][\/vc_row_inner][\/vc_column][\/vc_row]<\/p>\n","protected":false},"excerpt":{"rendered":"<p>[vc_row css=&nbsp;&raquo;.vc_custom_1631521223294{border-bottom-width: 0px !important;}&nbsp;&raquo;][vc_column][vc_row_inner equal_height=&nbsp;&raquo;yes&nbsp;&raquo; content_placement=&nbsp;&raquo;top&nbsp;&raquo; gap=&nbsp;&raquo;25&Prime; css=&nbsp;&raquo;.vc_custom_1635334429231{margin-top: 0px !important;}&nbsp;&raquo;][vc_column_inner width=&nbsp;&raquo;1\/3&Prime; css=&nbsp;&raquo;.vc_custom_1635334443665{margin-top: 0px !important;margin-right: 15px !important;margin-bottom: 30px !important;margin-left: 15px !important;border-top-width: 1px !important;border-right-width: 1px !important;border-bottom-width: 1px !important;border-left-width: 1px !important;padding-top: 30px !important;padding-right: 25px !important;padding-bottom: 30px !important;padding-left: 25px !important;border-left-color: #21cdec !important;border-left-style: solid !important;border-right-color: #21cdec !important;border-right-style: solid !important;border-top-color: #21cdec !important;border-top-style: solid !important;border-bottom-color: #21cdec !important;border-bottom-style: solid !important;border-radius: 5px !important;}&nbsp;&raquo;][vc_column_text] Etudiants [&hellip;]<\/p>\n","protected":false},"author":1,"featured_media":0,"parent":0,"menu_order":0,"comment_status":"closed","ping_status":"closed","template":"","meta":[],"_links":{"self":[{"href":"https:\/\/staging.cat-int.org\/index.php\/wp-json\/wp\/v2\/pages\/4801"}],"collection":[{"href":"https:\/\/staging.cat-int.org\/index.php\/wp-json\/wp\/v2\/pages"}],"about":[{"href":"https:\/\/staging.cat-int.org\/index.php\/wp-json\/wp\/v2\/types\/page"}],"author":[{"embeddable":true,"href":"https:\/\/staging.cat-int.org\/index.php\/wp-json\/wp\/v2\/users\/1"}],"replies":[{"embeddable":true,"href":"https:\/\/staging.cat-int.org\/index.php\/wp-json\/wp\/v2\/comments?post=4801"}],"version-history":[{"count":20,"href":"https:\/\/staging.cat-int.org\/index.php\/wp-json\/wp\/v2\/pages\/4801\/revisions"}],"predecessor-version":[{"id":5649,"href":"https:\/\/staging.cat-int.org\/index.php\/wp-json\/wp\/v2\/pages\/4801\/revisions\/5649"}],"wp:attachment":[{"href":"https:\/\/staging.cat-int.org\/index.php\/wp-json\/wp\/v2\/media?parent=4801"}],"curies":[{"name":"wp","href":"https:\/\/api.w.org\/{rel}","templated":true}]}}