{"id":2595,"date":"2016-02-14T16:30:56","date_gmt":"2016-02-14T15:30:56","guid":{"rendered":"http:\/\/cat-int.net\/?page_id=2595"},"modified":"2021-11-01T20:26:44","modified_gmt":"2021-11-01T19:26:44","slug":"soutenez-nous","status":"publish","type":"page","link":"https:\/\/staging.cat-int.org\/index.php\/accueil\/le-cat\/soutenez-nous\/","title":{"rendered":"Soutenir le CAT"},"content":{"rendered":"<h3 style=\"text-align: center;\"><strong><span style=\"vertical-align: inherit;\"><span style=\"vertical-align: inherit;\"><span style=\"vertical-align: inherit;\"><span style=\"vertical-align: inherit;\"><span style=\"vertical-align: inherit;\"><span style=\"vertical-align: inherit;\">Soutenir le Centre d&rsquo;Analyse du Terrorisme<\/span><\/span><\/span><\/span><\/span><\/span><\/strong><\/h3>\n<p>&nbsp;<\/p>\n<p style=\"text-align: center;\"><span style=\"vertical-align: inherit;\"><span style=\"vertical-align: inherit;\"><span style=\"vertical-align: inherit;\"><span style=\"vertical-align: inherit;\"><span style=\"vertical-align: inherit;\"><span style=\"vertical-align: inherit;\"><span style=\"vertical-align: inherit;\"><span style=\"vertical-align: inherit;\">Le Centre d&rsquo;Analyse du Terrorisme est un think tank ind\u00e9pendant qui a \u00e9t\u00e9 cr\u00e9\u00e9 et existe gr\u00e2ce au soutien de personnes physiques ou morales, et dispose du statut d&rsquo;association loi 1901 \u00e0 but non lucratif. <\/span><\/span><\/span><\/span><\/span><\/span><\/span><span style=\"vertical-align: inherit;\"><span style=\"vertical-align: inherit;\"><span style=\"vertical-align: inherit;\"><span style=\"vertical-align: inherit;\"><span style=\"vertical-align: inherit;\"><span style=\"vertical-align: inherit;\"><span style=\"vertical-align: inherit;\">Vos dons, contributions et subventions sont enti\u00e8rement d\u00e9di\u00e9s au fonctionnement et au d\u00e9ploiement de ses activit\u00e9s\u00a0: la recherche et l&rsquo;analyse sur le terrorisme, son financement, et les strat\u00e9gies de r\u00e9ponse, la constitution d&rsquo;une plateforme d&rsquo;information sur le terrorisme, et le d\u00e9veloppement d&rsquo;une force de proposition \u00e0 l&rsquo;\u00e9gard des pouvoirs publics et des institutions europ\u00e9ennes en mati\u00e8re de lutte contre le terrorisme.<\/span><\/span><\/span><\/span><\/span><\/span><\/span><\/span><\/p>\n<div dir=\"ltr\" style=\"text-align: center;\">\n<p><span style=\"color: #333333;\"><span style=\"vertical-align: inherit;\"><span style=\"vertical-align: inherit;\"><span style=\"vertical-align: inherit;\"><span style=\"vertical-align: inherit;\"><span style=\"vertical-align: inherit;\"><span style=\"vertical-align: inherit;\"><span style=\"vertical-align: inherit;\"><span style=\"vertical-align: inherit;\">Soutenez notre effort et notre action<\/span><\/span><\/span><\/span><\/span><\/span><\/span><\/span><\/span><\/p>\n<p>&nbsp;<\/p>\n<\/div>\n<div dir=\"ltr\" style=\"text-align: center;\"><iframe loading=\"lazy\" id=\"haWidget\" style=\"width: 100%; height: 750px; border: none;\" src=\"https:\/\/www.helloasso.com\/associations\/centre-d-analyse-du-terrorisme\/formulaires\/1\/widget\" width=\"300\" height=\"150\" scrolling=\"auto\"><\/iframe><\/div>\n","protected":false},"excerpt":{"rendered":"<p>Soutenir le Centre d&rsquo;Analyse du Terrorisme &nbsp; Le Centre d&rsquo;Analyse du Terrorisme est un think tank ind\u00e9pendant qui a \u00e9t\u00e9 cr\u00e9\u00e9 et existe gr\u00e2ce au soutien de personnes physiques ou morales, et dispose du statut d&rsquo;association loi 1901 \u00e0 but non lucratif. Vos dons, contributions et subventions sont enti\u00e8rement d\u00e9di\u00e9s au fonctionnement et au d\u00e9ploiement [&hellip;]<\/p>\n","protected":false},"author":1,"featured_media":0,"parent":2251,"menu_order":4,"comment_status":"closed","ping_status":"closed","template":"","meta":[],"_links":{"self":[{"href":"https:\/\/staging.cat-int.org\/index.php\/wp-json\/wp\/v2\/pages\/2595"}],"collection":[{"href":"https:\/\/staging.cat-int.org\/index.php\/wp-json\/wp\/v2\/pages"}],"about":[{"href":"https:\/\/staging.cat-int.org\/index.php\/wp-json\/wp\/v2\/types\/page"}],"author":[{"embeddable":true,"href":"https:\/\/staging.cat-int.org\/index.php\/wp-json\/wp\/v2\/users\/1"}],"replies":[{"embeddable":true,"href":"https:\/\/staging.cat-int.org\/index.php\/wp-json\/wp\/v2\/comments?post=2595"}],"version-history":[{"count":23,"href":"https:\/\/staging.cat-int.org\/index.php\/wp-json\/wp\/v2\/pages\/2595\/revisions"}],"predecessor-version":[{"id":5231,"href":"https:\/\/staging.cat-int.org\/index.php\/wp-json\/wp\/v2\/pages\/2595\/revisions\/5231"}],"up":[{"embeddable":true,"href":"https:\/\/staging.cat-int.org\/index.php\/wp-json\/wp\/v2\/pages\/2251"}],"wp:attachment":[{"href":"https:\/\/staging.cat-int.org\/index.php\/wp-json\/wp\/v2\/media?parent=2595"}],"curies":[{"name":"wp","href":"https:\/\/api.w.org\/{rel}","templated":true}]}}