{"id":2568,"date":"2016-02-14T13:47:44","date_gmt":"2016-02-14T12:47:44","guid":{"rendered":"http:\/\/cat-int.net\/?page_id=2568"},"modified":"2021-10-27T11:52:29","modified_gmt":"2021-10-27T10:52:29","slug":"mentions-legales","status":"publish","type":"page","link":"https:\/\/staging.cat-int.org\/index.php\/mentions-legales\/","title":{"rendered":"Mentions l\u00e9gales"},"content":{"rendered":"<p>[vc_row el_class=&nbsp;&raquo;Mentions_legales&nbsp;&raquo;][vc_column width=&nbsp;&raquo;1\/6&Prime; css=&nbsp;&raquo;.vc_custom_1455455315767{padding-top: 10px !important;padding-right: 25px !important;padding-bottom: 10px !important;padding-left: 25px !important;}&nbsp;&raquo;][\/vc_column][vc_column width=&nbsp;&raquo;2\/3&Prime;]<header class=\"thememount-heading-wrapper thememount-heading-wrapper-align-center\"><div class=\"thememount-heading-wrapper-inner\"><h2 class=\"thememount-heading-align-center\"><span>Mentions l\u00e9gales<\/span><\/h2><\/div><\/header>[vc_column_text]<\/p>\n<h4 style=\"text-align: left;\">\u00c9diteur du site<\/h4>\n<p style=\"text-align: left;\">Centre d&rsquo;Analyse du Terrorisme<br \/>\n13\/15 rue Taitbout 75009 Paris, France<br \/>\nT\u00e9l.:\u00a0+33 9 70 46 61 00\u2502<a href=\"mailto:contact@staging.cat-int.org\" target=\"_blank\" rel=\"noopener\">contact@staging.cat-int.org<\/a>\u2502<a href=\"http:\/\/www.staging.cat-int.org\">www.staging.cat-int.org<\/a><\/p>\n<h4 style=\"text-align: left;\">Cr\u00e9dits photos<\/h4>\n<p style=\"text-align: left;\">REUTERS \/ Benoit Tessier<br \/>\nREUTERS \/ Marcelo del Pozo<br \/>\nDIGITAL IMAGE<\/p>\n<h4 style=\"text-align: left;\">Conception, design et d\u00e9veloppement du site<\/h4>\n<p style=\"text-align: left;\">Milvus\u2502<a title=\"Milvus\" href=\"http:\/\/www.milvus.net\/\" target=\"_blank\" rel=\"noopener\">www.milvus.net<\/a><\/p>\n<h4 style=\"text-align: left;\">H\u00e9bergement du site<\/h4>\n<p style=\"text-align: left;\">OVH\u2502<a title=\"OVH\" href=\"http:\/\/www.ovh.com\/\" target=\"_blank\" rel=\"noopener\">www.ovh.com<\/a>\u25022 rue Kellermann &#8211; 59100 Roubaix &#8211; France.<\/p>\n<h4 style=\"text-align: left;\">Acc\u00e8s au site<\/h4>\n<p style=\"text-align: left;\">L\u2019utilisateur du site internet\u00a0reconna\u00eet disposer de la comp\u00e9tence et des moyens n\u00e9cessaires pour acc\u00e9der et utiliser ce site internet. Les utilisateurs sur site web sont tenus de respecter les dispositions de la loi relative \u00e0 l\u2019informatique, aux fichiers et aux libert\u00e9s, dont la violation est passible de sanctions p\u00e9nales.<\/p>\n<h4 style=\"text-align: left;\">Contenu du site<\/h4>\n<p style=\"text-align: left;\">Le CAT\u00a0met \u00e0 disposition des utilisateurs de ce site web des informations et outils disponibles et v\u00e9rifi\u00e9s, mais ne saurait \u00eatre tenu pour responsable des erreurs ou de l\u2019indisponibilit\u00e9 de certaines informations.<br \/>\nNous remercions les utilisateurs du site de nous faire part d\u2019\u00e9ventuelles omissions, erreurs ou corrections, en adressant un email \u00e0 cette adresse : <a href=\"mailto:contact@staging.cat-int.org\" target=\"_blank\" rel=\"noopener\">contact@staging.cat-int.org<\/a>. Notre objectif est de diffuser des informations exactes et tenues \u00e0 jour. Nous nous efforcerons de corriger les erreurs qui nous seront signal\u00e9es. Les informations du pr\u00e9sent site :<br \/>\n\u2013 sont exclusivement de nature g\u00e9n\u00e9rale et ne visent pas la situation particuli\u00e8re d\u2019une personne physique ou morale ;<br \/>\n\u2013 ne sont pas n\u00e9cessairement compl\u00e8tes, exhaustives, exactes ou \u00e0 jour ;<br \/>\n\u2013 ne constituent pas un avis professionnel ou juridique en tant que tel. Nous souhaitons limiter autant que possible les inconv\u00e9nients occasionn\u00e9s par des erreurs techniques. Cependant, certaines donn\u00e9es ou informations pr\u00e9sentes sur notre site peuvent ne pas avoir \u00e9t\u00e9 cr\u00e9\u00e9es ou structur\u00e9es dans des fichiers ou des formats exempts d\u2019erreurs, et nous ne pouvons pas garantir que notre service ne sera pas interrompu ou autrement affect\u00e9 par de tels probl\u00e8mes. CAT\u00a0d\u00e9cline toute responsabilit\u00e9 \u00e0 l\u2019\u00e9gard de semblables inconv\u00e9nients pouvant r\u00e9sulter d\u2019une utilisation de ce site ou de tout autre site ext\u00e9rieur auquel il renvoie. La pr\u00e9sente clause de non-responsabilit\u00e9 n\u2019a pas pour but de limiter la responsabilit\u00e9 du\u00a0CAT\u00a0face \u00e0 ses obligations l\u00e9gales.<\/p>\n<p>[\/vc_column_text][\/vc_column][vc_column width=&nbsp;&raquo;1\/6&Prime;][\/vc_column][\/vc_row]<\/p>\n","protected":false},"excerpt":{"rendered":"<p>[vc_row el_class=&nbsp;&raquo;Mentions_legales&nbsp;&raquo;][vc_column width=&nbsp;&raquo;1\/6&Prime; css=&nbsp;&raquo;.vc_custom_1455455315767{padding-top: 10px !important;padding-right: 25px !important;padding-bottom: 10px !important;padding-left: 25px !important;}&nbsp;&raquo;][\/vc_column][vc_column width=&nbsp;&raquo;2\/3&Prime;][vc_column_text] \u00c9diteur du site Centre d&rsquo;Analyse du Terrorisme 13\/15 rue Taitbout 75009 Paris, France T\u00e9l.:\u00a0+33 9 70 46 61 00\u2502contact@staging.cat-int.org\u2502www.staging.cat-int.org Cr\u00e9dits photos REUTERS \/ Benoit Tessier REUTERS \/ Marcelo del Pozo DIGITAL IMAGE Conception, design et d\u00e9veloppement du site Milvus\u2502www.milvus.net H\u00e9bergement du site [&hellip;]<\/p>\n","protected":false},"author":1,"featured_media":0,"parent":0,"menu_order":0,"comment_status":"closed","ping_status":"closed","template":"","meta":[],"_links":{"self":[{"href":"https:\/\/staging.cat-int.org\/index.php\/wp-json\/wp\/v2\/pages\/2568"}],"collection":[{"href":"https:\/\/staging.cat-int.org\/index.php\/wp-json\/wp\/v2\/pages"}],"about":[{"href":"https:\/\/staging.cat-int.org\/index.php\/wp-json\/wp\/v2\/types\/page"}],"author":[{"embeddable":true,"href":"https:\/\/staging.cat-int.org\/index.php\/wp-json\/wp\/v2\/users\/1"}],"replies":[{"embeddable":true,"href":"https:\/\/staging.cat-int.org\/index.php\/wp-json\/wp\/v2\/comments?post=2568"}],"version-history":[{"count":17,"href":"https:\/\/staging.cat-int.org\/index.php\/wp-json\/wp\/v2\/pages\/2568\/revisions"}],"predecessor-version":[{"id":5625,"href":"https:\/\/staging.cat-int.org\/index.php\/wp-json\/wp\/v2\/pages\/2568\/revisions\/5625"}],"wp:attachment":[{"href":"https:\/\/staging.cat-int.org\/index.php\/wp-json\/wp\/v2\/media?parent=2568"}],"curies":[{"name":"wp","href":"https:\/\/api.w.org\/{rel}","templated":true}]}}