{"id":2251,"date":"2016-01-21T21:32:30","date_gmt":"2016-01-21T20:32:30","guid":{"rendered":"http:\/\/cat-int.net\/?page_id=2251"},"modified":"2019-08-09T11:48:23","modified_gmt":"2019-08-09T10:48:23","slug":"le-cat","status":"publish","type":"page","link":"https:\/\/staging.cat-int.org\/index.php\/accueil\/le-cat\/","title":{"rendered":"Qui sommes-nous ?"},"content":{"rendered":"<p>[vc_row anchor=&nbsp;&raquo;lecat-mission&nbsp;&raquo; css=&nbsp;&raquo;.vc_custom_1455461950642{padding-top: 20px !important;padding-right: 5px !important;padding-bottom: 5px !important;padding-left: 5px !important;}&nbsp;&raquo;][vc_column css=&nbsp;&raquo;.vc_custom_1455748503235{margin-top: 40px !important;padding-top: 5px !important;padding-right: 5px !important;padding-bottom: 5px !important;padding-left: 5px !important;}&nbsp;&raquo;]<header class=\"thememount-heading-wrapper thememount-heading-wrapper-align-center\"><div class=\"thememount-heading-wrapper-inner\"><h2 class=\"thememount-heading-align-center\"><span>Le CAT<\/span><\/h2><\/div><p class=\"thememount-subheading\">Le Centre d'Analyse du Terrorisme (CAT) est un centre de recherche dont l'objectif est de devenir le think tank europ\u00e9en de r\u00e9f\u00e9rence dans le domaine de l'analyse du terrorisme. Le CAT est reconnu comme organisme d'int\u00e9r\u00eat g\u00e9n\u00e9ral.<\/p><\/header><header class=\"thememount-heading-wrapper thememount-heading-wrapper-align-center\"><div class=\"thememount-heading-wrapper-inner\"><h3 class=\"thememount-heading-align-center\"><span><br \/>\nNos missions<\/span><\/h3><\/div><\/header>[vc_row_inner equal_height=&nbsp;&raquo;yes&nbsp;&raquo; content_placement=&nbsp;&raquo;top&nbsp;&raquo; gap=&nbsp;&raquo;20&Prime; css=&nbsp;&raquo;.vc_custom_1455472627042{margin-right: 35px !important;margin-left: 35px !important;padding-top: 5px !important;padding-right: 5px !important;padding-bottom: 5px !important;padding-left: 5px !important;border-radius: 5px !important;}&nbsp;&raquo;][vc_column_inner width=&nbsp;&raquo;1\/3&Prime; css=&nbsp;&raquo;.vc_custom_1455220288970{margin-right: 20px !important;margin-left: 20px !important;padding-top: 20px !important;padding-right: 5px !important;padding-bottom: 20px !important;padding-left: 5px !important;background-color: #fafafa !important;border-radius: 5px !important;}&nbsp;&raquo;][vc_icon type=&nbsp;&raquo;typicons&nbsp;&raquo; icon_typicons=&nbsp;&raquo;typcn typcn-zoom&nbsp;&raquo; color=&nbsp;&raquo;custom&nbsp;&raquo; background_style=&nbsp;&raquo;rounded-outline&nbsp;&raquo; background_color=&nbsp;&raquo;custom&nbsp;&raquo; size=&nbsp;&raquo;xs&nbsp;&raquo; align=&nbsp;&raquo;center&nbsp;&raquo; css_animation=&nbsp;&raquo;appear&nbsp;&raquo; custom_color=&nbsp;&raquo;#21cdec&nbsp;&raquo; custom_background_color=&nbsp;&raquo;#21cdec&nbsp;&raquo;][vc_column_text el_class=&nbsp;&raquo;lecat-mission&nbsp;&raquo;]<\/p>\n<p style=\"text-align: center;\">Constituer une capacit\u00e9 unique de recherche et d&rsquo;analyse sur le terrorisme et les strat\u00e9gies de r\u00e9ponse, notamment l&rsquo;analyse op\u00e9rationnelle, le financement et l&rsquo;implantation des activit\u00e9s terroristes<\/p>\n<p>[\/vc_column_text][\/vc_column_inner][vc_column_inner width=&nbsp;&raquo;1\/3&Prime; css=&nbsp;&raquo;.vc_custom_1455219354678{margin-right: 20px !important;margin-left: 20px !important;padding-top: 20px !important;padding-right: 20px !important;padding-bottom: 20px !important;padding-left: 20px !important;background-color: #fafafa !important;border-radius: 5px !important;}&nbsp;&raquo;][vc_icon type=&nbsp;&raquo;typicons&nbsp;&raquo; icon_typicons=&nbsp;&raquo;typcn typcn-document-text&nbsp;&raquo; color=&nbsp;&raquo;custom&nbsp;&raquo; background_style=&nbsp;&raquo;rounded-outline&nbsp;&raquo; background_color=&nbsp;&raquo;custom&nbsp;&raquo; size=&nbsp;&raquo;xs&nbsp;&raquo; align=&nbsp;&raquo;center&nbsp;&raquo; css_animation=&nbsp;&raquo;appear&nbsp;&raquo; custom_color=&nbsp;&raquo;#21cdec&nbsp;&raquo; custom_background_color=&nbsp;&raquo;#21cdec&nbsp;&raquo;][vc_column_text el_class=&nbsp;&raquo;lecat-mission&nbsp;&raquo;]<\/p>\n<p style=\"text-align: center;\">Cr\u00e9er une plateforme d&rsquo;information sur la menace terroriste<\/p>\n<p>[\/vc_column_text][\/vc_column_inner][vc_column_inner width=&nbsp;&raquo;1\/3&Prime; css=&nbsp;&raquo;.vc_custom_1455220298754{margin-right: 20px !important;margin-left: 20px !important;padding-top: 20px !important;padding-right: 5px !important;padding-bottom: 20px !important;padding-left: 5px !important;background-color: #fafafa !important;border-radius: 5px !important;}&nbsp;&raquo;][vc_icon icon_fontawesome=&nbsp;&raquo;fa fa-users&nbsp;&raquo; color=&nbsp;&raquo;custom&nbsp;&raquo; background_style=&nbsp;&raquo;rounded-outline&nbsp;&raquo; background_color=&nbsp;&raquo;custom&nbsp;&raquo; size=&nbsp;&raquo;xs&nbsp;&raquo; align=&nbsp;&raquo;center&nbsp;&raquo; css_animation=&nbsp;&raquo;appear&nbsp;&raquo; custom_color=&nbsp;&raquo;#21cdec&nbsp;&raquo; custom_background_color=&nbsp;&raquo;#21cdec&nbsp;&raquo;][vc_column_text el_class=&nbsp;&raquo;lecat-mission&nbsp;&raquo;]<\/p>\n<p style=\"text-align: center;\">D\u00e9velopper une force de proposition \u00e0 l&rsquo;\u00e9gard des pouvoirs publics et des institutions europ\u00e9ennes et favoriser la coop\u00e9ration internationale et l&rsquo;\u00e9change d&rsquo;informations en mati\u00e8re de lutte contre le terrorisme et le financement du terrorisme<\/p>\n<p>[\/vc_column_text][\/vc_column_inner][\/vc_row_inner][\/vc_column][\/vc_row][vc_row css=&nbsp;&raquo;.vc_custom_1455462060794{padding-top: 20px !important;padding-right: 5px !important;padding-bottom: 5px !important;padding-left: 5px !important;background-color: #ffffff !important;}&nbsp;&raquo; anchor=&nbsp;&raquo;lecat-lequipe&nbsp;&raquo;][vc_column css=&nbsp;&raquo;.vc_custom_1455748493633{margin-top: 40px !important;padding-top: 5px !important;padding-right: 5px !important;padding-bottom: 5px !important;padding-left: 5px !important;}&nbsp;&raquo;]<header class=\"thememount-heading-wrapper thememount-heading-wrapper-align-center\"><div class=\"thememount-heading-wrapper-inner\"><h3 class=\"thememount-heading-align-center\"><span>L'\u00e9quipe du CAT<\/span><\/h3><\/div><\/header>[vc_row_inner css=&nbsp;&raquo;.vc_custom_1455472508623{padding-right: 35px !important;padding-left: 35px !important;}&nbsp;&raquo;][vc_column_inner][vc_single_image image=&nbsp;&raquo;2670&Prime; img_size=&nbsp;&raquo;215 x 215&Prime; alignment=&nbsp;&raquo;center&nbsp;&raquo; style=&nbsp;&raquo;vc_box_shadow&nbsp;&raquo; css_animation=&nbsp;&raquo;top-to-bottom&nbsp;&raquo; css=&nbsp;&raquo;.vc_custom_1455473164552{background-position: center !important;background-repeat: no-repeat !important;background-size: cover !important;}&nbsp;&raquo;][vc_column_text]<\/p>\n<h4 style=\"text-align: center;\">Jean-Charles Brisard<\/h4>\n<p style=\"text-align: center;\"><span style=\"color: #21cdec;\"><strong>Pr\u00e9sident<\/strong><\/span><\/p>\n<p style=\"text-align: center;\">Sp\u00e9cialiste du terrorisme et du financement du terrorisme,\u00a0ancien enqu\u00eateur en chef pour les familles de victimes\u00a0des attentats du 11 septembre 2001, enseignant \u00e0 l\u2019IEP\u00a0de Strasbourg (lutte contre le terrorisme)<\/p>\n<p>[\/vc_column_text][\/vc_column_inner][\/vc_row_inner][vc_column_text]<\/p>\n<p style=\"text-align: center;\"><span style=\"color: #21cdec;\"><strong>L&rsquo;\u00e9quipe de recherche<\/strong><\/span><\/p>\n<p style=\"text-align: center;\">Une \u00e9quipe d&rsquo;analystes contribue aux travaux de recherche du CAT<\/p>\n<p>[\/vc_column_text][\/vc_column][\/vc_row][vc_row anchor=&nbsp;&raquo;lecat-comite&nbsp;&raquo; css=&nbsp;&raquo;.vc_custom_1455473507215{padding-top: 20px !important;padding-right: 35px !important;padding-bottom: 5px !important;padding-left: 35px !important;background-color: #fafafa !important;}&nbsp;&raquo;][vc_column css=&nbsp;&raquo;.vc_custom_1455748547037{margin-top: 40px !important;padding-top: 5px !important;padding-right: 5px !important;padding-bottom: 5px !important;padding-left: 5px !important;}&nbsp;&raquo;]<header class=\"thememount-heading-wrapper thememount-heading-wrapper-align-center\"><div class=\"thememount-heading-wrapper-inner\"><h3 class=\"thememount-heading-align-center\"><span>Le Comit\u00e9 d'Honneur<\/span><\/h3><\/div><\/header>[vc_row_inner css=&nbsp;&raquo;.vc_custom_1455473632466{padding-right: 35px !important;padding-left: 35px !important;}&nbsp;&raquo;][vc_column_inner width=&nbsp;&raquo;1\/3&Prime;][vc_single_image image=&nbsp;&raquo;2223&Prime; img_size=&nbsp;&raquo;215 x 215&Prime; add_caption=&nbsp;&raquo;yes&nbsp;&raquo; alignment=&nbsp;&raquo;center&nbsp;&raquo; style=&nbsp;&raquo;vc_box_shadow&nbsp;&raquo; css_animation=&nbsp;&raquo;top-to-bottom&nbsp;&raquo;][vc_column_text]<\/p>\n<h4 style=\"text-align: center;\">Marc Tr\u00e9vidic<\/h4>\n<p style=\"text-align: center;\">Ancien juge d\u2019instruction au p\u00f4le antiterroriste du Tribunal de Grande Instance de Paris<\/p>\n<p>[\/vc_column_text][\/vc_column_inner][vc_column_inner width=&nbsp;&raquo;1\/3&Prime; offset=&nbsp;&raquo;vc_col-sm-offset-0&Prime;][vc_single_image image=&nbsp;&raquo;2218&Prime; img_size=&nbsp;&raquo;215 x 215&Prime; add_caption=&nbsp;&raquo;yes&nbsp;&raquo; alignment=&nbsp;&raquo;center&nbsp;&raquo; style=&nbsp;&raquo;vc_box_shadow&nbsp;&raquo; css_animation=&nbsp;&raquo;top-to-bottom&nbsp;&raquo;][vc_column_text]<\/p>\n<h4 style=\"text-align: center;\">Baltasar Garzon Real<\/h4>\n<p style=\"text-align: center;\">Ancien juge d\u2019instruction de\u00a0l\u2019Audience Nationale d\u2019Espagne<\/p>\n<p>[\/vc_column_text][\/vc_column_inner][vc_column_inner width=&nbsp;&raquo;1\/3&Prime;][vc_single_image image=&nbsp;&raquo;3744&Prime; img_size=&nbsp;&raquo;215 x 215&Prime; alignment=&nbsp;&raquo;center&nbsp;&raquo; style=&nbsp;&raquo;vc_box_shadow&nbsp;&raquo; css_animation=&nbsp;&raquo;top-to-bottom&nbsp;&raquo; css=&nbsp;&raquo;.vc_custom_1480005764199{background-position: center !important;background-repeat: no-repeat !important;background-size: cover !important;}&nbsp;&raquo;][vc_column_text]<\/p>\n<h4 style=\"text-align: center;\">Muhannad Hijazi<\/h4>\n<p style=\"text-align: center;\">Ancien Procureur G\u00e9n\u00e9ral de la Cour de S\u00fbret\u00e9 de l&rsquo;Etat du Royaume Hach\u00e9mite de Jordanie<\/p>\n<p>[\/vc_column_text][\/vc_column_inner][\/vc_row_inner][vc_row_inner css=&nbsp;&raquo;.vc_custom_1455473632466{padding-right: 35px !important;padding-left: 35px !important;}&nbsp;&raquo;][vc_column_inner width=&nbsp;&raquo;1\/3&Prime;][vc_single_image image=&nbsp;&raquo;2221&Prime; img_size=&nbsp;&raquo;215X215&Prime; alignment=&nbsp;&raquo;center&nbsp;&raquo; css_animation=&nbsp;&raquo;top-to-bottom&nbsp;&raquo;][vc_column_text]<\/p>\n<h4 style=\"text-align: center;\">Michael Chandler<\/h4>\n<p style=\"text-align: center;\">Pr\u00e9sident de l&rsquo;ancien Comit\u00e9 des Sanctions de l&rsquo;ONU contre Al-Qa\u00efda et les Talibans<\/p>\n<p>[\/vc_column_text][\/vc_column_inner][vc_column_inner width=&nbsp;&raquo;1\/3&Prime;][vc_single_image image=&nbsp;&raquo;2227&Prime; img_size=&nbsp;&raquo;215&#215;215&Prime; alignment=&nbsp;&raquo;center&nbsp;&raquo; css_animation=&nbsp;&raquo;top-to-bottom&nbsp;&raquo;][vc_column_text]<\/p>\n<h4 style=\"text-align: center;\">Alain Juillet<\/h4>\n<p style=\"text-align: center;\">Pr\u00e9sident du CDSE. Ancien haut responsable charg\u00e9 de l&rsquo;intelligence \u00e9conomique aupr\u00e8s du premier ministre. Ancien directeur du renseignement de la DGSE<\/p>\n<p>[\/vc_column_text][\/vc_column_inner][\/vc_row_inner][\/vc_column][\/vc_row][vc_row css=&nbsp;&raquo;.vc_custom_1455473515935{padding-top: 20px !important;padding-right: 35px !important;padding-bottom: 5px !important;padding-left: 35px !important;background-color: #ffffff !important;}&nbsp;&raquo; anchor=&nbsp;&raquo;lecat-comite2&Prime;][vc_column css=&nbsp;&raquo;.vc_custom_1455748565764{margin-top: 40px !important;padding-top: 5px !important;padding-right: 5px !important;padding-bottom: 5px !important;padding-left: 5px !important;}&nbsp;&raquo;]<header class=\"thememount-heading-wrapper thememount-heading-wrapper-align-center\"><div class=\"thememount-heading-wrapper-inner\"><h3 class=\"thememount-heading-align-center\"><span>Le Comit\u00e9 Consultatif<\/span><\/h3><\/div><\/header>[vc_row_inner css=&nbsp;&raquo;.vc_custom_1455473643885{padding-right: 35px !important;padding-left: 35px !important;}&nbsp;&raquo;][vc_column_inner width=&nbsp;&raquo;1\/3&Prime;][vc_single_image image=&nbsp;&raquo;2412&Prime; img_size=&nbsp;&raquo;215 x 215&Prime; alignment=&nbsp;&raquo;center&nbsp;&raquo; style=&nbsp;&raquo;vc_box_shadow&nbsp;&raquo; css_animation=&nbsp;&raquo;top-to-bottom&nbsp;&raquo; css=&nbsp;&raquo;.vc_custom_1454932782053{background-position: center !important;background-repeat: no-repeat !important;background-size: cover !important;}&nbsp;&raquo;][vc_column_text]<\/p>\n<h4 style=\"text-align: center;\"><b>Aaron <\/b><b>Zelin<\/b><\/h4>\n<p style=\"text-align: center;\"><span style=\"color: #00ccff;\"><b>Washington D.C.<\/b><\/span><\/p>\n<p style=\"text-align: center;\">Chercheur associ\u00e9 au Washington Institute for Near East Policy, fondateur du premier site d\u2019information sur le djihad<\/p>\n<p>[\/vc_column_text][\/vc_column_inner][vc_column_inner width=&nbsp;&raquo;1\/3&Prime; offset=&nbsp;&raquo;vc_col-sm-offset-0&Prime;][vc_single_image image=&nbsp;&raquo;2402&Prime; img_size=&nbsp;&raquo;215 x 215&Prime; add_caption=&nbsp;&raquo;yes&nbsp;&raquo; alignment=&nbsp;&raquo;center&nbsp;&raquo; style=&nbsp;&raquo;vc_box_shadow&nbsp;&raquo; css_animation=&nbsp;&raquo;top-to-bottom&nbsp;&raquo;][vc_column_text]<\/p>\n<h4 style=\"text-align: center;\"><strong>Jessica Stern<\/strong><\/h4>\n<p style=\"text-align: center;\"><strong><span style=\"color: #00ccff;\">Boston<\/span><\/strong><\/p>\n<p style=\"text-align: center;\">Enseignante \u00e0 l\u2019Universit\u00e9 d\u2019Harvard, membre de la\u00a0Task\u00a0Force S\u00e9curit\u00e9 Nationale et Droit de la Hoover Institution, ancien membre du Conseil de S\u00e9curit\u00e9 Nationale (NSC)<\/p>\n<p>[\/vc_column_text][\/vc_column_inner][vc_column_inner width=&nbsp;&raquo;1\/3&Prime;][vc_single_image image=&nbsp;&raquo;2403&Prime; img_size=&nbsp;&raquo;215 x 215&Prime; add_caption=&nbsp;&raquo;yes&nbsp;&raquo; alignment=&nbsp;&raquo;center&nbsp;&raquo; style=&nbsp;&raquo;vc_box_shadow&nbsp;&raquo; css_animation=&nbsp;&raquo;top-to-bottom&nbsp;&raquo;][vc_column_text]<\/p>\n<h4 style=\"text-align: center;\"><strong>J.M. Berger<\/strong><\/h4>\n<p style=\"text-align: center;\"><strong><span style=\"color: #00ccff;\">Cambridge, MA<\/span><\/strong><\/p>\n<p style=\"text-align: center;\">Chercheur, analyste et auteur, sp\u00e9cialiste de l\u2019activit\u00e9 internet des groupes terroristes<\/p>\n<p>[\/vc_column_text][\/vc_column_inner][\/vc_row_inner][vc_row_inner css=&nbsp;&raquo;.vc_custom_1455473754185{padding-right: 35px !important;padding-left: 35px !important;}&nbsp;&raquo;][vc_column_inner width=&nbsp;&raquo;1\/3&Prime;][vc_single_image image=&nbsp;&raquo;2405&Prime; img_size=&nbsp;&raquo;215 x 215&Prime; alignment=&nbsp;&raquo;center&nbsp;&raquo; style=&nbsp;&raquo;vc_box_shadow&nbsp;&raquo; css_animation=&nbsp;&raquo;top-to-bottom&nbsp;&raquo; css=&nbsp;&raquo;.vc_custom_1454932397792{background-position: center !important;background-repeat: no-repeat !important;background-size: cover !important;}&nbsp;&raquo;][vc_column_text]<\/p>\n<h4 style=\"text-align: center;\"><b>John <\/b><b>Solomon<\/b><\/h4>\n<p style=\"text-align: center;\"><span style=\"color: #00ccff;\"><b>Washington D.C.<\/b><\/span><\/p>\n<p style=\"text-align: center;\">Directeur\u00a0Threat\u00a0Finance\u00a0Research\u00a0WorldCheck, membre du Conseil d\u2019administration du\u00a0Memorial\u00a0Institute for the\u00a0Prevention\u00a0of\u00a0Terrorism (MIPT)<\/p>\n<p>[\/vc_column_text][\/vc_column_inner][vc_column_inner width=&nbsp;&raquo;1\/3&Prime; offset=&nbsp;&raquo;vc_col-sm-offset-0&Prime;][vc_single_image image=&nbsp;&raquo;3182&Prime; img_size=&nbsp;&raquo;215 x 215&Prime; add_caption=&nbsp;&raquo;yes&nbsp;&raquo; alignment=&nbsp;&raquo;center&nbsp;&raquo; style=&nbsp;&raquo;vc_box_shadow&nbsp;&raquo; css_animation=&nbsp;&raquo;top-to-bottom&nbsp;&raquo;][vc_column_text]<\/p>\n<h4 style=\"text-align: center;\"><b>Paul <\/b><b>Cruickshank<\/b><\/h4>\n<p style=\"text-align: center;\"><span style=\"color: #00ccff;\"><strong><b>New York City, Londres<\/b><\/strong><\/span><\/p>\n<p style=\"text-align: center;\">R\u00e9dacteur en chef de la revue CTC Sentinel (West Point), analyste du terrorisme pour CNN, sp\u00e9cialiste d&rsquo;Al-Qaida<\/p>\n<p>[\/vc_column_text][\/vc_column_inner][vc_column_inner width=&nbsp;&raquo;1\/3&Prime;][vc_single_image image=&nbsp;&raquo;2407&Prime; img_size=&nbsp;&raquo;215 x 215&Prime; add_caption=&nbsp;&raquo;yes&nbsp;&raquo; alignment=&nbsp;&raquo;center&nbsp;&raquo; style=&nbsp;&raquo;vc_box_shadow&nbsp;&raquo; css_animation=&nbsp;&raquo;top-to-bottom&nbsp;&raquo;][vc_column_text]<\/p>\n<h4 style=\"text-align: center;\"><b>Timothy <\/b><b>Holman<\/b><\/h4>\n<p style=\"text-align: center;\"><span style=\"color: #00ccff;\"><b>Newton<\/b><\/span><\/p>\n<p style=\"text-align: center;\">Programme PhD \u00e0 la RSIS (S. Rajaratnam School of International Studies). Membre de la society for terrorism research<\/p>\n<p>[\/vc_column_text][\/vc_column_inner][\/vc_row_inner][vc_row_inner css=&nbsp;&raquo;.vc_custom_1455473765486{padding-right: 35px !important;padding-left: 35px !important;}&nbsp;&raquo;][vc_column_inner width=&nbsp;&raquo;1\/3&Prime;][vc_single_image image=&nbsp;&raquo;2408&Prime; img_size=&nbsp;&raquo;215 x 215&Prime; add_caption=&nbsp;&raquo;yes&nbsp;&raquo; alignment=&nbsp;&raquo;center&nbsp;&raquo; style=&nbsp;&raquo;vc_box_shadow&nbsp;&raquo; css_animation=&nbsp;&raquo;top-to-bottom&nbsp;&raquo;][vc_column_text]<\/p>\n<h4 style=\"text-align: center;\"><b><\/b><b><\/b><b>Fernando <\/b><b>Reinares<\/b><\/h4>\n<p style=\"text-align: center;\"><span style=\"color: #00ccff;\"><b>Madrid<\/b><\/span><\/p>\n<p style=\"text-align: center;\">Professeur\u00a0de sciences politiques \u00e0 l&rsquo;Universit\u00e9 Juan-Carlos de\u00a0Madrid, ancien\u00a0conseiller du\u00a0ministre de l\u2019Int\u00e9rieur espagnol\u00a0pour la politique antiterroriste<\/p>\n<p>[\/vc_column_text][\/vc_column_inner][vc_column_inner width=&nbsp;&raquo;1\/3&Prime;][vc_single_image image=&nbsp;&raquo;2409&Prime; img_size=&nbsp;&raquo;215 x 215&Prime; add_caption=&nbsp;&raquo;yes&nbsp;&raquo; alignment=&nbsp;&raquo;center&nbsp;&raquo; style=&nbsp;&raquo;vc_box_shadow&nbsp;&raquo; css_animation=&nbsp;&raquo;top-to-bottom&nbsp;&raquo;][vc_column_text]<\/p>\n<h4 style=\"text-align: center;\"><b><\/b><b>Olivier <\/b><b>Guitta<\/b><\/h4>\n<p style=\"text-align: center;\"><span style=\"color: #00ccff;\"><b>Londres<\/b><\/span><\/p>\n<p style=\"text-align: center;\">Directeur G\u00e9n\u00e9ral de GlobalStrat (Conseil international en s\u00e9curit\u00e9 et risques g\u00e9opolitiques)<\/p>\n<p>[\/vc_column_text][\/vc_column_inner][vc_column_inner width=&nbsp;&raquo;1\/3&Prime;][vc_single_image image=&nbsp;&raquo;2410&Prime; img_size=&nbsp;&raquo;215 x 215&Prime; add_caption=&nbsp;&raquo;yes&nbsp;&raquo; alignment=&nbsp;&raquo;center&nbsp;&raquo; style=&nbsp;&raquo;vc_box_shadow&nbsp;&raquo; css_animation=&nbsp;&raquo;top-to-bottom&nbsp;&raquo;][vc_column_text]<\/p>\n<h4 style=\"text-align: center;\"><b><\/b><b>Peter R.\u00a0<\/b><b>Neumann<\/b><\/h4>\n<p style=\"text-align: center;\"><span style=\"color: #00ccff;\"><b>Londres<\/b><\/span><\/p>\n<p style=\"text-align: center;\">Directeur de l\u2019International Centre for the\u00a0Study\u00a0of\u00a0Radicalization\u00a0and\u00a0Political\u00a0Violence (ICSR)<\/p>\n<p>[\/vc_column_text][\/vc_column_inner][\/vc_row_inner][vc_row_inner css=&nbsp;&raquo;.vc_custom_1455473774811{padding-right: 35px !important;padding-left: 35px !important;}&nbsp;&raquo;][vc_column_inner width=&nbsp;&raquo;1\/3&Prime;][\/vc_column_inner][vc_column_inner width=&nbsp;&raquo;1\/3&Prime;][vc_single_image image=&nbsp;&raquo;3092&Prime; img_size=&nbsp;&raquo;215 x 215&Prime; add_caption=&nbsp;&raquo;yes&nbsp;&raquo; alignment=&nbsp;&raquo;center&nbsp;&raquo; style=&nbsp;&raquo;vc_box_shadow&nbsp;&raquo; css_animation=&nbsp;&raquo;top-to-bottom&nbsp;&raquo;][vc_column_text]<\/p>\n<h4 style=\"text-align: center;\"><b><\/b><b><\/b><b><\/b><b>Rohan <\/b><b>Gunaratna<\/b><\/h4>\n<p style=\"text-align: center;\"><span style=\"color: #00ccff;\"><strong>Singapour<\/strong><\/span><\/p>\n<p style=\"text-align: center;\">Directeur de l\u2019International Centre for\u00a0Political\u00a0Violence and\u00a0Terrorism\u00a0Research\u00a0de l\u2019Universit\u00e9 de Technologie de Nanyang<\/p>\n<p>[\/vc_column_text][\/vc_column_inner][vc_column_inner width=&nbsp;&raquo;1\/3&Prime;][\/vc_column_inner][\/vc_row_inner][\/vc_column][\/vc_row][vc_row][vc_column][\/vc_column][\/vc_row]<\/p>\n","protected":false},"excerpt":{"rendered":"<p>[vc_row anchor=&nbsp;&raquo;lecat-mission&nbsp;&raquo; css=&nbsp;&raquo;.vc_custom_1455461950642{padding-top: 20px !important;padding-right: 5px !important;padding-bottom: 5px !important;padding-left: 5px !important;}&nbsp;&raquo;][vc_column css=&nbsp;&raquo;.vc_custom_1455748503235{margin-top: 40px !important;padding-top: 5px !important;padding-right: 5px !important;padding-bottom: 5px !important;padding-left: 5px !important;}&nbsp;&raquo;][vc_row_inner equal_height=&nbsp;&raquo;yes&nbsp;&raquo; content_placement=&nbsp;&raquo;top&nbsp;&raquo; gap=&nbsp;&raquo;20&Prime; css=&nbsp;&raquo;.vc_custom_1455472627042{margin-right: 35px !important;margin-left: 35px !important;padding-top: 5px !important;padding-right: 5px !important;padding-bottom: 5px !important;padding-left: 5px !important;border-radius: 5px !important;}&nbsp;&raquo;][vc_column_inner width=&nbsp;&raquo;1\/3&Prime; css=&nbsp;&raquo;.vc_custom_1455220288970{margin-right: 20px !important;margin-left: 20px !important;padding-top: 20px !important;padding-right: 5px !important;padding-bottom: 20px !important;padding-left: 5px !important;background-color: #fafafa [&hellip;]<\/p>\n","protected":false},"author":1,"featured_media":0,"parent":8,"menu_order":1,"comment_status":"closed","ping_status":"closed","template":"","meta":[],"_links":{"self":[{"href":"https:\/\/staging.cat-int.org\/index.php\/wp-json\/wp\/v2\/pages\/2251"}],"collection":[{"href":"https:\/\/staging.cat-int.org\/index.php\/wp-json\/wp\/v2\/pages"}],"about":[{"href":"https:\/\/staging.cat-int.org\/index.php\/wp-json\/wp\/v2\/types\/page"}],"author":[{"embeddable":true,"href":"https:\/\/staging.cat-int.org\/index.php\/wp-json\/wp\/v2\/users\/1"}],"replies":[{"embeddable":true,"href":"https:\/\/staging.cat-int.org\/index.php\/wp-json\/wp\/v2\/comments?post=2251"}],"version-history":[{"count":99,"href":"https:\/\/staging.cat-int.org\/index.php\/wp-json\/wp\/v2\/pages\/2251\/revisions"}],"predecessor-version":[{"id":4505,"href":"https:\/\/staging.cat-int.org\/index.php\/wp-json\/wp\/v2\/pages\/2251\/revisions\/4505"}],"up":[{"embeddable":true,"href":"https:\/\/staging.cat-int.org\/index.php\/wp-json\/wp\/v2\/pages\/8"}],"wp:attachment":[{"href":"https:\/\/staging.cat-int.org\/index.php\/wp-json\/wp\/v2\/media?parent=2251"}],"curies":[{"name":"wp","href":"https:\/\/api.w.org\/{rel}","templated":true}]}}